{"id":5357,"date":"2015-03-29T11:18:00","date_gmt":"2015-03-29T11:18:00","guid":{"rendered":"http:\/\/webnus.biz\/themes\/california-wp\/irvine\/?page_id=5357"},"modified":"2023-04-19T08:50:39","modified_gmt":"2023-04-19T06:50:39","slug":"home-4-irvine","status":"publish","type":"page","link":"https:\/\/conceptio.cc\/de\/","title":{"rendered":"Home"},"content":{"rendered":"<section class=\"wpb-content-wrapper\">[vc_row row_type=&#8220;3&#8243; blox_height=&#8220;600&#8243; blox_image=&#8220;5358&#8243; page_title=&#8220;page-title-x&#8220; blox_dark=&#8220;true&#8220; parallax_speed=&#8220;7&#8243; video_fullscreen=&#8220;true&#8220; video_type=&#8220;video\/youtube&#8220;][vc_column 0=&#8220;&#8220;][rev_slider_vc alias=&#8220;homepage_slider&#8220;][\/vc_column][\/vc_row][vc_row 0=&#8220;&#8220;][vc_column 0=&#8220;&#8220;]<hr class=\"vertical-space1\">[vc_column_text]\n<h3 style=\"text-align: center;\"><span style=\"color: #333399;\"><strong>\u201cKulturaustausch f\u00f6rdert das Zusammenwachsen mehr als jede\u00a0andere Ma\u00dfnahme.<br \/>\nWir k\u00f6nnen so viel voneinander lernen \u2013 vorausgesetzt, wir lernen uns kennen<\/strong><strong>.\u201d<\/strong><\/span><\/h3>\n<p style=\"text-align: center;\"><span style=\"color: #333399;\">( August Everding )<\/span><\/p>\n[\/vc_column_text][vc_column_text]\n<p style=\"text-align: left;\">Es ist seit der Gr\u00fcndung des Conceptio Networks im Jahre 1992 unser wichtigstes Anliegen, ein gr\u00f6\u00dftm\u00f6gliches Publikum in den Bann der Harmonien und der Kunst zu ziehen, den K\u00fcnstler und seinen Zuh\u00f6rer in einen Dialog treten zu lassen.<\/p>\n<p>Dabei wollen wir bewu\u00dft jede M\u00f6glichkeit der kulturellen Belebung nutzen \u2013 in der Funktion einer klassischen Musik-Agentur ebenso wie als Gestalter und Produzent im Kultur-Tourismus.[\/vc_column_text][\/vc_column][\/vc_row][vc_row 0=&#8220;&#8220;][vc_column width=&#8220;1\/3&#8243;][vc_single_image image=&#8220;5762&#8243; img_size=&#8220;full&#8220; add_caption=&#8220;yes&#8220; alignment=&#8220;center&#8220; onclick=&#8220;custom_link&#8220; css_animation=&#8220;zoomIn&#8220; link=&#8220;http:\/\/www.conceptio.cc\/insights\/hamlet&#8220; el_class=&#8220;.over&#8220;][vc_column_text 0=&#8220;&#8220;]\n<p style=\"text-align: center;\">Hamlet Opernproduktion, Prag<\/p>\n[\/vc_column_text][\/vc_column][vc_column width=&#8220;1\/3&#8243;][vc_single_image image=&#8220;5636&#8243; img_size=&#8220;full&#8220; add_caption=&#8220;yes&#8220; alignment=&#8220;center&#8220; onclick=&#8220;custom_link&#8220; css_animation=&#8220;zoomIn&#8220; link=&#8220;http:\/\/www.conceptio.cc\/insights\/gsu&#8220; el_class=&#8220;.hover&#8220;][vc_column_text 0=&#8220;&#8220;]\n<p style=\"text-align: center;\">Georgia Barbershop, Alpe Adria Tour<\/p>\n[\/vc_column_text][\/vc_column][vc_column width=&#8220;1\/3&#8243;][vc_single_image image=&#8220;5606&#8243; img_size=&#8220;full&#8220; add_caption=&#8220;yes&#8220; alignment=&#8220;center&#8220; onclick=&#8220;custom_link&#8220; css_animation=&#8220;zoomIn&#8220; link=&#8220;http:\/\/www.conceptio.cc\/insights\/godbeloved&#8220; el_class=&#8220;.hover&#8220;][vc_column_text 0=&#8220;&#8220;]\n<p style=\"text-align: center;\">&#8222;Gottgeliebter&#8220; Ballettproduktion, Wien<\/p>\n[\/vc_column_text][\/vc_column][\/vc_row][vc_row row_type=&#8220;1&#8243; blox_class=&#8220;baseline&#8220;][vc_column css=&#8220;.vc_custom_1491326766908{background-color: #333333 !important;}&#8220;][vc_wp_text 0=&#8220;&#8220;]\n<p style=\"text-align: center;\"><span style=\"color: #ffffff;\">\u00a9 CONCEPTIO NETWORK<\/span><br \/>\n<span style=\"color: #ffffff;\">A NETWORK FOR CULTURAL PRODUCTIONS<\/span><\/p>\n[\/vc_wp_text][\/vc_column][\/vc_row]\n<\/section>","protected":false},"excerpt":{"rendered":"<p>[vc_row row_type=&#8220;3&#8243; blox_height=&#8220;600&#8243; blox_image=&#8220;5358&#8243; page_title=&#8220;page-title-x&#8220; blox_dark=&#8220;true&#8220; parallax_speed=&#8220;7&#8243; video_fullscreen=&#8220;true&#8220; video_type=&#8220;video\/youtube&#8220;][vc_column 0=&#8220;&#8220;][rev_slider_vc alias=&#8220;homepage_slider&#8220;][\/vc_column][\/vc_row][vc_row 0=&#8220;&#8220;][vc_column 0=&#8220;&#8220;][vc_column_text] \u201cKulturaustausch f\u00f6rdert das Zusammenwachsen mehr als jede\u00a0andere Ma\u00dfnahme. Wir k\u00f6nnen so viel voneinander lernen \u2013 vorausgesetzt, wir lernen uns kennen.\u201d ( August Everding ) [\/vc_column_text][vc_column_text] Es ist seit der Gr\u00fcndung des Conceptio Networks im Jahre 1992 unser wichtigstes Anliegen, ein gr\u00f6\u00dftm\u00f6gliches Publikum in den Bann der Harmonien und der Kunst zu ziehen,&#8230; <\/p>\n<p><a class=\"readmore\" href=\"https:\/\/conceptio.cc\/de\/\">Read More<\/a><\/p>\n","protected":false},"author":2,"featured_media":0,"parent":0,"menu_order":0,"comment_status":"open","ping_status":"closed","template":"","meta":[],"_links":{"self":[{"href":"https:\/\/conceptio.cc\/de\/wp-json\/wp\/v2\/pages\/5357"}],"collection":[{"href":"https:\/\/conceptio.cc\/de\/wp-json\/wp\/v2\/pages"}],"about":[{"href":"https:\/\/conceptio.cc\/de\/wp-json\/wp\/v2\/types\/page"}],"author":[{"embeddable":true,"href":"https:\/\/conceptio.cc\/de\/wp-json\/wp\/v2\/users\/2"}],"replies":[{"embeddable":true,"href":"https:\/\/conceptio.cc\/de\/wp-json\/wp\/v2\/comments?post=5357"}],"version-history":[{"count":55,"href":"https:\/\/conceptio.cc\/de\/wp-json\/wp\/v2\/pages\/5357\/revisions"}],"predecessor-version":[{"id":6076,"href":"https:\/\/conceptio.cc\/de\/wp-json\/wp\/v2\/pages\/5357\/revisions\/6076"}],"wp:attachment":[{"href":"https:\/\/conceptio.cc\/de\/wp-json\/wp\/v2\/media?parent=5357"}],"curies":[{"name":"wp","href":"https:\/\/api.w.org\/{rel}","templated":true}]}}